{"id":42,"date":"2018-01-08T19:12:17","date_gmt":"2018-01-08T18:12:17","guid":{"rendered":"http:\/\/associationplumesaconnaitre.com\/?page_id=42"},"modified":"2024-04-09T10:57:23","modified_gmt":"2024-04-09T08:57:23","slug":"bienvenue-a-lapac","status":"publish","type":"page","link":"https:\/\/associationplumesaconnaitre.com\/index.php\/bienvenue-a-lapac\/","title":{"rendered":"Bienvenue \u00e0 l&#8217;APAC"},"content":{"rendered":"<p style=\"text-align: justify;\"><span style=\"color: #000000;\"><img decoding=\"async\" loading=\"lazy\" class=\" wp-image-151 alignleft\" src=\"http:\/\/associationplumesaconnaitre.com\/wp-content\/uploads\/2018\/01\/CCF_11000057.jpg\" alt=\"Logo\" width=\"195\" height=\"294\" srcset=\"https:\/\/associationplumesaconnaitre.com\/wp-content\/uploads\/2018\/01\/CCF_11000057.jpg 2329w, https:\/\/associationplumesaconnaitre.com\/wp-content\/uploads\/2018\/01\/CCF_11000057-199x300.jpg 199w, https:\/\/associationplumesaconnaitre.com\/wp-content\/uploads\/2018\/01\/CCF_11000057-768x1159.jpg 768w, https:\/\/associationplumesaconnaitre.com\/wp-content\/uploads\/2018\/01\/CCF_11000057-678x1024.jpg 678w\" sizes=\"(max-width: 195px) 100vw, 195px\" \/>Cr\u00e9\u00e9e le 29 f\u00e9vrier 1992 \u00e0 l\u2019initiative d\u2019auteurs et de lecteurs enthousiastes, l&#8217;Association Plumes \u00e0 Conna\u00eetre accueille tous les passionn\u00e9s qui s\u2019int\u00e9ressent \u00e0 l\u2019art d\u2019\u00e9crire et \u00e0 la litt\u00e9rature. <\/span><\/p>\n<p style=\"text-align: justify;\"><span style=\"color: #000000;\">Les adh\u00e9sions furent nombreuses d\u00e8s la parution de la petite annonce d&#8217;Yves Tourneur -devenu le premier pr\u00e9sident de l&#8217;association- dans les revues <em><span style=\"color: #000000;\">Bonne<\/span> <span style=\"color: #000000;\">soir\u00e9e<\/span><\/em> et <em><span style=\"color: #000000;\">Le P\u00e8lerin<\/span>. <\/em>En 1995, Jean-Pierre Varache, co-fondateur de l&#8217;APAC comparait l&#8217;association<em><span style=\"color: #000000;\"> \u00ab \u00e0 un navire qui venait de franchir le Cap Horne et voguait tranquillement vers celui de Bonne Esp\u00e9rance \u00bb<\/span>. <\/em><\/span><\/p>\n<p style=\"text-align: justify;\"><span style=\"color: #000000;\">En 2018, l&#8217;\u00e9quipe de b\u00e9n\u00e9voles apaciens, tient bon la barre dans les eaux agit\u00e9es mais \u00f4 combien passionnantes du monde litt\u00e9raire.<\/span><\/p>\n<p style=\"text-align: justify;\"><span style=\"color: #000000;\">Depuis l&#8217;origine, l&#8217;APAC a pour ambition\u00a0:<\/span><\/p>\n<p><span style=\"color: #000000;\">&#8211; de d\u00e9couvrir et de faire conna\u00eetre de nouvelles plumes.<\/span><\/p>\n<p><span style=\"color: #000000;\">&#8211; d\u2019aider les auteurs \u00e0 finaliser leur projet d\u2019\u00e9criture dans les meilleures conditions possible.<\/span><\/p>\n<p><span style=\"color: #000000;\">&#8211; de promouvoir l\u2019\u0153uvre litt\u00e9raire sous toutes ses formes.<\/span><\/p>\n<p><span style=\"color: #000000;\">&#8211; de devenir un label de s\u00e9rieux et de qualit\u00e9 pour ses adh\u00e9rents.<\/span><\/p>\n<p style=\"text-align: justify;\"><span style=\"color: #000000;\">En 30 ans, notre d\u00e9ontologie est rest\u00e9e fid\u00e8le \u00e0 l&#8217;esprit des fondateurs :<\/span><\/p>\n<p style=\"text-align: justify;\"><span style=\"color: #000000;\">L\u2019APAC s\u2019oppose \u00e0 toute prise de position politique ou religieuse. Elle refuse de cautionner tout ouvrage ayant un caract\u00e8re vulgaire, pernicieux, injurieux, raciste ou diffamatoire.<\/span><\/p>\n<p><strong>Toute demande de renseignement doit \u00eatre faite aupr\u00e8s de\u00a0 Madame Nicole FAESSEL, Pr\u00e9sidente, ou de Madame Astrid DELLINGER, secr\u00e9tariat:<\/strong><\/p>\n<p><strong>faessel.nicole@gmail.com<\/strong><\/p>\n<p>apac.secretariat.57@gmail.com<\/p>\n","protected":false},"excerpt":{"rendered":"<p>Cr\u00e9\u00e9e le 29 f\u00e9vrier 1992 \u00e0 l\u2019initiative d\u2019auteurs et de lecteurs enthousiastes, l&#8217;Association Plumes \u00e0 Conna\u00eetre accueille tous les passionn\u00e9s qui s\u2019int\u00e9ressent \u00e0 l\u2019art d\u2019\u00e9crire et \u00e0 la litt\u00e9rature. Les adh\u00e9sions furent nombreuses d\u00e8s la parution de la petite annonce &hellip; <a href=\"https:\/\/associationplumesaconnaitre.com\/index.php\/bienvenue-a-lapac\/\">Continuer la lecture <span class=\"meta-nav\">&rarr;<\/span><\/a><\/p>\n","protected":false},"author":1,"featured_media":0,"parent":0,"menu_order":0,"comment_status":"closed","ping_status":"closed","template":"","meta":[],"_links":{"self":[{"href":"https:\/\/associationplumesaconnaitre.com\/index.php\/wp-json\/wp\/v2\/pages\/42"}],"collection":[{"href":"https:\/\/associationplumesaconnaitre.com\/index.php\/wp-json\/wp\/v2\/pages"}],"about":[{"href":"https:\/\/associationplumesaconnaitre.com\/index.php\/wp-json\/wp\/v2\/types\/page"}],"author":[{"embeddable":true,"href":"https:\/\/associationplumesaconnaitre.com\/index.php\/wp-json\/wp\/v2\/users\/1"}],"replies":[{"embeddable":true,"href":"https:\/\/associationplumesaconnaitre.com\/index.php\/wp-json\/wp\/v2\/comments?post=42"}],"version-history":[{"count":18,"href":"https:\/\/associationplumesaconnaitre.com\/index.php\/wp-json\/wp\/v2\/pages\/42\/revisions"}],"predecessor-version":[{"id":2884,"href":"https:\/\/associationplumesaconnaitre.com\/index.php\/wp-json\/wp\/v2\/pages\/42\/revisions\/2884"}],"wp:attachment":[{"href":"https:\/\/associationplumesaconnaitre.com\/index.php\/wp-json\/wp\/v2\/media?parent=42"}],"curies":[{"name":"wp","href":"https:\/\/api.w.org\/{rel}","templated":true}]}}