{"id":355,"date":"2018-03-12T20:04:44","date_gmt":"2018-03-12T19:04:44","guid":{"rendered":"http:\/\/associationplumesaconnaitre.com\/?page_id=355"},"modified":"2023-02-01T14:26:47","modified_gmt":"2023-02-01T13:26:47","slug":"mentions-legales","status":"publish","type":"page","link":"https:\/\/associationplumesaconnaitre.com\/index.php\/mentions-legales\/","title":{"rendered":"Mentions l\u00e9gales"},"content":{"rendered":"<p style=\"text-align: justify;\"><span style=\"color: #000000;\">Vous \u00eates actuellement connect\u00e9 au site &#8220;www.associationplumesaconnaitre.com&#8221; \u00e9dit\u00e9 par l&#8217;APAC (Association Plumes \u00e0 Conna\u00eetre).<\/span><\/p>\n<p style=\"text-align: justify;\"><span style=\"color: #000000;\"><strong>Directrice de publication :<\/strong> Nicole FAESSEL \/ Pr\u00e9sidente<br \/>\n<\/span><\/p>\n<p style=\"text-align: justify;\"><span style=\"color: #000000;\">Le site www.associationplumesaconnaitre.com pr\u00e9sente les activit\u00e9s de l&#8217;APAC.<\/span><\/p>\n<p style=\"text-align: justify;\"><strong><span style=\"color: #000000;\">H\u00e9bergement :<\/span><\/strong><\/p>\n<p style=\"text-align: justify;\"><span style=\"color: #000000;\">SAS OVH &#8211; <a style=\"color: #000000;\" href=\"https:\/\/www.ovh.com\/fr\/\" target=\"_blank\" rel=\"noopener\">www.ovh.com<\/a><\/span><\/p>\n<p style=\"text-align: justify;\"><span style=\"color: #000000;\">2, rue Kellermann<\/span><\/p>\n<p style=\"text-align: justify;\"><span style=\"color: #000000;\">BP 80157<\/span><\/p>\n<p style=\"text-align: justify;\"><span style=\"color: #000000;\">59100 Roubaix<\/span><\/p>\n<p style=\"text-align: justify;\"><strong><span style=\"color: #000000;\">Droits d&#8217;auteurs :<\/span><\/strong><\/p>\n<p style=\"text-align: justify;\"><span style=\"color: #000000;\">La reproduction ou repr\u00e9sentation, int\u00e9grale ou partielle, des pages, des donn\u00e9es ou de tout autre \u00e9l\u00e9ment constitutif au site, par quelque proc\u00e9d\u00e9 ou support que ce soit, est interdite et constitue, sans autorisation de l&#8217;\u00e9diteur, une contrefa\u00e7on.<\/span><\/p>\n<p><span style=\"color: #000000;\"><strong>Contact :<\/strong> faessel.nicole@gmail.com<\/span><\/p>\n<p style=\"text-align: justify;\"><strong><span style=\"color: #000000;\">Protection des donn\u00e9es :<\/span><\/strong><\/p>\n<p style=\"text-align: justify;\"><span style=\"color: #000000;\">Les informations personnelles recueillies sont destin\u00e9es \u00e0 un usage strictement interne. Aucune information personnelle ne sera c\u00e9d\u00e9e ni vendue \u00e0 un tiers. En application de l&#8217;article 27 de la loi Informatique et Libert\u00e9s du 6 janvier 1978, vous disposez d&#8217;un droit d&#8217;acc\u00e8s, de rectification, de modification et de suppression des donn\u00e9es vous concernant. Vous pouvez exercer ce droit en nous envoyant un email \u00e0 l&#8217;adresse genevieve.kormann@gmail.com<\/span><\/p>\n<p style=\"text-align: justify;\"><strong><span style=\"color: #000000;\">Sites ext\u00e9rieurs :<\/span><\/strong><\/p>\n<p style=\"text-align: justify;\"><span style=\"color: #000000;\">Les liens vers les sites ext\u00e9rieurs ne sont indiqu\u00e9s qu&#8217;\u00e0 titre indicatif. En cons\u00e9quence, la responsabilit\u00e9 de l&#8217;association Plumes \u00e0 Conna\u00eetre ne saurait \u00eatre engag\u00e9e quant aux contenus et informations diffus\u00e9s sur ce site.<\/span><\/p>\n","protected":false},"excerpt":{"rendered":"<p>Vous \u00eates actuellement connect\u00e9 au site &#8220;www.associationplumesaconnaitre.com&#8221; \u00e9dit\u00e9 par l&#8217;APAC (Association Plumes \u00e0 Conna\u00eetre). Directrice de publication : Nicole FAESSEL \/ Pr\u00e9sidente Le site www.associationplumesaconnaitre.com pr\u00e9sente les activit\u00e9s de l&#8217;APAC. H\u00e9bergement : SAS OVH &#8211; www.ovh.com 2, rue Kellermann BP &hellip; <a href=\"https:\/\/associationplumesaconnaitre.com\/index.php\/mentions-legales\/\">Continuer la lecture <span class=\"meta-nav\">&rarr;<\/span><\/a><\/p>\n","protected":false},"author":1,"featured_media":0,"parent":0,"menu_order":0,"comment_status":"closed","ping_status":"closed","template":"","meta":[],"_links":{"self":[{"href":"https:\/\/associationplumesaconnaitre.com\/index.php\/wp-json\/wp\/v2\/pages\/355"}],"collection":[{"href":"https:\/\/associationplumesaconnaitre.com\/index.php\/wp-json\/wp\/v2\/pages"}],"about":[{"href":"https:\/\/associationplumesaconnaitre.com\/index.php\/wp-json\/wp\/v2\/types\/page"}],"author":[{"embeddable":true,"href":"https:\/\/associationplumesaconnaitre.com\/index.php\/wp-json\/wp\/v2\/users\/1"}],"replies":[{"embeddable":true,"href":"https:\/\/associationplumesaconnaitre.com\/index.php\/wp-json\/wp\/v2\/comments?post=355"}],"version-history":[{"count":6,"href":"https:\/\/associationplumesaconnaitre.com\/index.php\/wp-json\/wp\/v2\/pages\/355\/revisions"}],"predecessor-version":[{"id":2635,"href":"https:\/\/associationplumesaconnaitre.com\/index.php\/wp-json\/wp\/v2\/pages\/355\/revisions\/2635"}],"wp:attachment":[{"href":"https:\/\/associationplumesaconnaitre.com\/index.php\/wp-json\/wp\/v2\/media?parent=355"}],"curies":[{"name":"wp","href":"https:\/\/api.w.org\/{rel}","templated":true}]}}